{"id":168,"date":"2020-04-22T10:47:07","date_gmt":"2020-04-22T10:47:07","guid":{"rendered":"http:\/\/bunkercultural.com\/?page_id=168"},"modified":"2022-05-02T11:18:37","modified_gmt":"2022-05-02T11:18:37","slug":"el-bunker-cultural-en-directo","status":"publish","type":"page","link":"https:\/\/bunkercultural.com\/index.php\/blog\/el-bunker-cultural-en-directo\/","title":{"rendered":"Cuentos del 36"},"content":{"rendered":"<p>15 cuentos de Covarrubias y Retuerta, de antes de la guerra civil.<br \/>\nSolo dale al Play y as\u00f3mbrate.<br \/>\nY si nos ves desde un m\u00f3vil, lo ver\u00e1s mejor con el m\u00f3vil tumbado (en apaisado).<\/p>\n<p><iframe loading=\"lazy\" width=\"560\" height=\"315\" src=\"https:\/\/www.youtube.com\/embed\/brdh_dvXubE\" frameborder=\"0\" allow=\"accelerometer; autoplay; encrypted-media; gyroscope; picture-in-picture\" allowfullscreen=\"\"><\/iframe><\/p>\n","protected":false},"excerpt":{"rendered":"<p>15 cuentos de Covarrubias y Retuerta, de antes de la guerra civil. Solo dale al Play y as\u00f3mbrate. Y si nos ves desde un m\u00f3vil, lo ver\u00e1s mejor con el [&hellip;]<\/p>\n","protected":false},"author":1,"featured_media":0,"parent":11,"menu_order":0,"comment_status":"closed","ping_status":"closed","template":"","meta":{"_coblocks_attr":"","_coblocks_dimensions":"","_coblocks_responsive_height":"","_coblocks_accordion_ie_support":""},"_links":{"self":[{"href":"https:\/\/bunkercultural.com\/index.php\/wp-json\/wp\/v2\/pages\/168"}],"collection":[{"href":"https:\/\/bunkercultural.com\/index.php\/wp-json\/wp\/v2\/pages"}],"about":[{"href":"https:\/\/bunkercultural.com\/index.php\/wp-json\/wp\/v2\/types\/page"}],"author":[{"embeddable":true,"href":"https:\/\/bunkercultural.com\/index.php\/wp-json\/wp\/v2\/users\/1"}],"replies":[{"embeddable":true,"href":"https:\/\/bunkercultural.com\/index.php\/wp-json\/wp\/v2\/comments?post=168"}],"version-history":[{"count":24,"href":"https:\/\/bunkercultural.com\/index.php\/wp-json\/wp\/v2\/pages\/168\/revisions"}],"predecessor-version":[{"id":235,"href":"https:\/\/bunkercultural.com\/index.php\/wp-json\/wp\/v2\/pages\/168\/revisions\/235"}],"up":[{"embeddable":true,"href":"https:\/\/bunkercultural.com\/index.php\/wp-json\/wp\/v2\/pages\/11"}],"wp:attachment":[{"href":"https:\/\/bunkercultural.com\/index.php\/wp-json\/wp\/v2\/media?parent=168"}],"curies":[{"name":"wp","href":"https:\/\/api.w.org\/{rel}","templated":true}]}}