{"id":8,"date":"2019-12-30T18:07:18","date_gmt":"2019-12-30T18:07:18","guid":{"rendered":"http:\/\/bunkercultural.com\/?page_id=8"},"modified":"2022-05-03T17:36:44","modified_gmt":"2022-05-03T17:36:44","slug":"inicio","status":"publish","type":"page","link":"https:\/\/bunkercultural.com\/","title":{"rendered":"B\u00daNKER CULTURAL"},"content":{"rendered":"\n<p>Somos un peque\u00f1ito colectivo de personas comprometidas con la cultura y el arte. Vivimos en Covarrubias, un peque\u00f1o pueblo de Burgos, y a veces intentamos* hacer m\u00e1s interesante la vida aqu\u00ed. No pensando en el turista, sino en nuestros vecinos.<\/p>\n\n\n\n<figure class=\"wp-block-gallery has-nested-images columns-default is-cropped\">\n<figure class=\"wp-block-image size-large\"><img loading=\"lazy\" width=\"960\" height=\"716\" data-id=\"264\"  src=\"https:\/\/bunkercultural.com\/wp-content\/uploads\/2022\/05\/1797327_1715419465403783_4162439733643563596_n.jpg\" alt=\"\" class=\"wp-image-264\" srcset=\"https:\/\/bunkercultural.com\/wp-content\/uploads\/2022\/05\/1797327_1715419465403783_4162439733643563596_n.jpg 960w, https:\/\/bunkercultural.com\/wp-content\/uploads\/2022\/05\/1797327_1715419465403783_4162439733643563596_n-300x224.jpg 300w, https:\/\/bunkercultural.com\/wp-content\/uploads\/2022\/05\/1797327_1715419465403783_4162439733643563596_n-768x573.jpg 768w\" sizes=\"(max-width: 960px) 100vw, 960px\" \/><\/figure>\n\n\n\n<figure class=\"wp-block-image size-large\"><img loading=\"lazy\" width=\"960\" height=\"447\" data-id=\"267\"  src=\"https:\/\/bunkercultural.com\/wp-content\/uploads\/2022\/05\/81976194_2558173591128362_6532411095599022080_n.jpg\" alt=\"\" class=\"wp-image-267\" srcset=\"https:\/\/bunkercultural.com\/wp-content\/uploads\/2022\/05\/81976194_2558173591128362_6532411095599022080_n.jpg 960w, https:\/\/bunkercultural.com\/wp-content\/uploads\/2022\/05\/81976194_2558173591128362_6532411095599022080_n-300x140.jpg 300w, https:\/\/bunkercultural.com\/wp-content\/uploads\/2022\/05\/81976194_2558173591128362_6532411095599022080_n-768x358.jpg 768w\" sizes=\"(max-width: 960px) 100vw, 960px\" \/><\/figure>\n\n\n\n<figure class=\"wp-block-image size-large\"><img loading=\"lazy\" width=\"960\" height=\"720\" data-id=\"260\"  src=\"https:\/\/bunkercultural.com\/wp-content\/uploads\/2022\/05\/24294122_2025926464353080_2251269261664613859_n.jpg\" alt=\"\" class=\"wp-image-260\" srcset=\"https:\/\/bunkercultural.com\/wp-content\/uploads\/2022\/05\/24294122_2025926464353080_2251269261664613859_n.jpg 960w, https:\/\/bunkercultural.com\/wp-content\/uploads\/2022\/05\/24294122_2025926464353080_2251269261664613859_n-300x225.jpg 300w, https:\/\/bunkercultural.com\/wp-content\/uploads\/2022\/05\/24294122_2025926464353080_2251269261664613859_n-768x576.jpg 768w\" sizes=\"(max-width: 960px) 100vw, 960px\" \/><\/figure>\n\n\n\n<figure class=\"wp-block-image size-large\"><img loading=\"lazy\" width=\"960\" height=\"720\" data-id=\"258\"  src=\"https:\/\/bunkercultural.com\/wp-content\/uploads\/2022\/05\/19366443_1943816312564096_7906007857252017372_n.jpg\" alt=\"\" class=\"wp-image-258\" srcset=\"https:\/\/bunkercultural.com\/wp-content\/uploads\/2022\/05\/19366443_1943816312564096_7906007857252017372_n.jpg 960w, https:\/\/bunkercultural.com\/wp-content\/uploads\/2022\/05\/19366443_1943816312564096_7906007857252017372_n-300x225.jpg 300w, https:\/\/bunkercultural.com\/wp-content\/uploads\/2022\/05\/19366443_1943816312564096_7906007857252017372_n-768x576.jpg 768w\" sizes=\"(max-width: 960px) 100vw, 960px\" \/><\/figure>\n\n\n\n<figure class=\"wp-block-image size-large\"><img loading=\"lazy\" width=\"1024\" height=\"588\" data-id=\"257\"  src=\"https:\/\/bunkercultural.com\/wp-content\/uploads\/2022\/05\/38814115_2187226058223119_4439412548017586176_n-1024x588.jpg\" alt=\"\" class=\"wp-image-257\" srcset=\"https:\/\/bunkercultural.com\/wp-content\/uploads\/2022\/05\/38814115_2187226058223119_4439412548017586176_n-1024x588.jpg 1024w, https:\/\/bunkercultural.com\/wp-content\/uploads\/2022\/05\/38814115_2187226058223119_4439412548017586176_n-300x172.jpg 300w, https:\/\/bunkercultural.com\/wp-content\/uploads\/2022\/05\/38814115_2187226058223119_4439412548017586176_n-768x441.jpg 768w, https:\/\/bunkercultural.com\/wp-content\/uploads\/2022\/05\/38814115_2187226058223119_4439412548017586176_n-1536x882.jpg 1536w, https:\/\/bunkercultural.com\/wp-content\/uploads\/2022\/05\/38814115_2187226058223119_4439412548017586176_n.jpg 1665w\" sizes=\"(max-width: 1024px) 100vw, 1024px\" \/><\/figure>\n\n\n\n<figure class=\"wp-block-image size-large\"><img loading=\"lazy\" width=\"960\" height=\"720\" data-id=\"255\"  src=\"https:\/\/bunkercultural.com\/wp-content\/uploads\/2022\/05\/22140786_1996319397313787_4320035931555190294_n.jpg\" alt=\"\" class=\"wp-image-255\" srcset=\"https:\/\/bunkercultural.com\/wp-content\/uploads\/2022\/05\/22140786_1996319397313787_4320035931555190294_n.jpg 960w, https:\/\/bunkercultural.com\/wp-content\/uploads\/2022\/05\/22140786_1996319397313787_4320035931555190294_n-300x225.jpg 300w, https:\/\/bunkercultural.com\/wp-content\/uploads\/2022\/05\/22140786_1996319397313787_4320035931555190294_n-768x576.jpg 768w\" sizes=\"(max-width: 960px) 100vw, 960px\" \/><\/figure>\n\n\n\n<figure class=\"wp-block-image size-large\"><img loading=\"lazy\" width=\"960\" height=\"540\" data-id=\"263\"  src=\"https:\/\/bunkercultural.com\/wp-content\/uploads\/2022\/05\/89297922_2618708655074855_3679680387233087488_n.jpg\" alt=\"\" class=\"wp-image-263\" srcset=\"https:\/\/bunkercultural.com\/wp-content\/uploads\/2022\/05\/89297922_2618708655074855_3679680387233087488_n.jpg 960w, https:\/\/bunkercultural.com\/wp-content\/uploads\/2022\/05\/89297922_2618708655074855_3679680387233087488_n-300x169.jpg 300w, https:\/\/bunkercultural.com\/wp-content\/uploads\/2022\/05\/89297922_2618708655074855_3679680387233087488_n-768x432.jpg 768w\" sizes=\"(max-width: 960px) 100vw, 960px\" \/><\/figure>\n\n\n\n<figure class=\"wp-block-image size-large\"><img loading=\"lazy\" width=\"1024\" height=\"1024\" data-id=\"269\"  src=\"https:\/\/bunkercultural.com\/wp-content\/uploads\/2022\/05\/27173573_2051085998503793_369808103155402576_o-1024x1024.jpg\" alt=\"\" class=\"wp-image-269\" srcset=\"https:\/\/bunkercultural.com\/wp-content\/uploads\/2022\/05\/27173573_2051085998503793_369808103155402576_o-1024x1024.jpg 1024w, https:\/\/bunkercultural.com\/wp-content\/uploads\/2022\/05\/27173573_2051085998503793_369808103155402576_o-300x300.jpg 300w, https:\/\/bunkercultural.com\/wp-content\/uploads\/2022\/05\/27173573_2051085998503793_369808103155402576_o-150x150.jpg 150w, https:\/\/bunkercultural.com\/wp-content\/uploads\/2022\/05\/27173573_2051085998503793_369808103155402576_o-768x768.jpg 768w, https:\/\/bunkercultural.com\/wp-content\/uploads\/2022\/05\/27173573_2051085998503793_369808103155402576_o-1536x1536.jpg 1536w, https:\/\/bunkercultural.com\/wp-content\/uploads\/2022\/05\/27173573_2051085998503793_369808103155402576_o.jpg 1722w\" sizes=\"(max-width: 1024px) 100vw, 1024px\" \/><\/figure>\n\n\n\n<figure class=\"wp-block-image size-large\"><img loading=\"lazy\" width=\"1024\" height=\"768\" data-id=\"266\"  src=\"https:\/\/bunkercultural.com\/wp-content\/uploads\/2022\/05\/79649143_2544490495830005_3229992050006949888_n-1024x768.jpg\" alt=\"\" class=\"wp-image-266\" srcset=\"https:\/\/bunkercultural.com\/wp-content\/uploads\/2022\/05\/79649143_2544490495830005_3229992050006949888_n-1024x768.jpg 1024w, https:\/\/bunkercultural.com\/wp-content\/uploads\/2022\/05\/79649143_2544490495830005_3229992050006949888_n-300x225.jpg 300w, https:\/\/bunkercultural.com\/wp-content\/uploads\/2022\/05\/79649143_2544490495830005_3229992050006949888_n-768x576.jpg 768w, https:\/\/bunkercultural.com\/wp-content\/uploads\/2022\/05\/79649143_2544490495830005_3229992050006949888_n-1536x1152.jpg 1536w, https:\/\/bunkercultural.com\/wp-content\/uploads\/2022\/05\/79649143_2544490495830005_3229992050006949888_n-1736x1302.jpg 1736w, https:\/\/bunkercultural.com\/wp-content\/uploads\/2022\/05\/79649143_2544490495830005_3229992050006949888_n.jpg 2048w\" sizes=\"(max-width: 1024px) 100vw, 1024px\" \/><\/figure>\n\n\n\n<figure class=\"wp-block-image size-large\"><img loading=\"lazy\" width=\"960\" height=\"720\" data-id=\"262\"  src=\"https:\/\/bunkercultural.com\/wp-content\/uploads\/2022\/05\/23622424_2019666591645734_2187399433433353351_n.jpg\" alt=\"\" class=\"wp-image-262\" srcset=\"https:\/\/bunkercultural.com\/wp-content\/uploads\/2022\/05\/23622424_2019666591645734_2187399433433353351_n.jpg 960w, https:\/\/bunkercultural.com\/wp-content\/uploads\/2022\/05\/23622424_2019666591645734_2187399433433353351_n-300x225.jpg 300w, https:\/\/bunkercultural.com\/wp-content\/uploads\/2022\/05\/23622424_2019666591645734_2187399433433353351_n-768x576.jpg 768w\" sizes=\"(max-width: 960px) 100vw, 960px\" \/><\/figure>\n\n\n\n<figure class=\"wp-block-image size-large\"><img loading=\"lazy\" width=\"1024\" height=\"768\" data-id=\"268\"  src=\"https:\/\/bunkercultural.com\/wp-content\/uploads\/2022\/05\/37384702_2164746587137733_6421923336787329024_n-1024x768.jpg\" alt=\"\" class=\"wp-image-268\" srcset=\"https:\/\/bunkercultural.com\/wp-content\/uploads\/2022\/05\/37384702_2164746587137733_6421923336787329024_n-1024x768.jpg 1024w, https:\/\/bunkercultural.com\/wp-content\/uploads\/2022\/05\/37384702_2164746587137733_6421923336787329024_n-300x225.jpg 300w, https:\/\/bunkercultural.com\/wp-content\/uploads\/2022\/05\/37384702_2164746587137733_6421923336787329024_n-768x576.jpg 768w, https:\/\/bunkercultural.com\/wp-content\/uploads\/2022\/05\/37384702_2164746587137733_6421923336787329024_n-1536x1152.jpg 1536w, https:\/\/bunkercultural.com\/wp-content\/uploads\/2022\/05\/37384702_2164746587137733_6421923336787329024_n-1736x1302.jpg 1736w, https:\/\/bunkercultural.com\/wp-content\/uploads\/2022\/05\/37384702_2164746587137733_6421923336787329024_n.jpg 2048w\" sizes=\"(max-width: 1024px) 100vw, 1024px\" \/><\/figure>\n\n\n\n<figure class=\"wp-block-image size-large\"><img loading=\"lazy\" width=\"960\" height=\"720\" data-id=\"259\"  src=\"https:\/\/bunkercultural.com\/wp-content\/uploads\/2022\/05\/66593401_2418650638413992_212571834288177152_n.jpg\" alt=\"\" class=\"wp-image-259\" srcset=\"https:\/\/bunkercultural.com\/wp-content\/uploads\/2022\/05\/66593401_2418650638413992_212571834288177152_n.jpg 960w, https:\/\/bunkercultural.com\/wp-content\/uploads\/2022\/05\/66593401_2418650638413992_212571834288177152_n-300x225.jpg 300w, https:\/\/bunkercultural.com\/wp-content\/uploads\/2022\/05\/66593401_2418650638413992_212571834288177152_n-768x576.jpg 768w\" sizes=\"(max-width: 960px) 100vw, 960px\" \/><\/figure>\n\n\n\n<figure class=\"wp-block-image size-large\"><img loading=\"lazy\" width=\"960\" height=\"720\" data-id=\"261\"  src=\"https:\/\/bunkercultural.com\/wp-content\/uploads\/2022\/05\/73134085_2491217301157325_7976606634996662272_n.jpg\" alt=\"\" class=\"wp-image-261\" srcset=\"https:\/\/bunkercultural.com\/wp-content\/uploads\/2022\/05\/73134085_2491217301157325_7976606634996662272_n.jpg 960w, https:\/\/bunkercultural.com\/wp-content\/uploads\/2022\/05\/73134085_2491217301157325_7976606634996662272_n-300x225.jpg 300w, https:\/\/bunkercultural.com\/wp-content\/uploads\/2022\/05\/73134085_2491217301157325_7976606634996662272_n-768x576.jpg 768w\" sizes=\"(max-width: 960px) 100vw, 960px\" \/><\/figure>\n\n\n\n<figure class=\"wp-block-image size-large\"><img loading=\"lazy\" width=\"960\" height=\"720\" data-id=\"265\"  src=\"https:\/\/bunkercultural.com\/wp-content\/uploads\/2022\/05\/69641867_2449393832006339_3249487318880354304_n.jpg\" alt=\"\" class=\"wp-image-265\" srcset=\"https:\/\/bunkercultural.com\/wp-content\/uploads\/2022\/05\/69641867_2449393832006339_3249487318880354304_n.jpg 960w, https:\/\/bunkercultural.com\/wp-content\/uploads\/2022\/05\/69641867_2449393832006339_3249487318880354304_n-300x225.jpg 300w, https:\/\/bunkercultural.com\/wp-content\/uploads\/2022\/05\/69641867_2449393832006339_3249487318880354304_n-768x576.jpg 768w\" sizes=\"(max-width: 960px) 100vw, 960px\" \/><\/figure>\n\n\n\n<figure class=\"wp-block-image size-large\"><img loading=\"lazy\" width=\"960\" height=\"720\" data-id=\"256\"  src=\"https:\/\/bunkercultural.com\/wp-content\/uploads\/2022\/05\/73349246_2506982826247439_1704262234441515008_n.jpg\" alt=\"\" class=\"wp-image-256\" srcset=\"https:\/\/bunkercultural.com\/wp-content\/uploads\/2022\/05\/73349246_2506982826247439_1704262234441515008_n.jpg 960w, https:\/\/bunkercultural.com\/wp-content\/uploads\/2022\/05\/73349246_2506982826247439_1704262234441515008_n-300x225.jpg 300w, https:\/\/bunkercultural.com\/wp-content\/uploads\/2022\/05\/73349246_2506982826247439_1704262234441515008_n-768x576.jpg 768w\" sizes=\"(max-width: 960px) 100vw, 960px\" \/><\/figure>\n<\/figure>\n\n\n\n<p><em>*intentamos: interpr\u00e9tese como pret\u00e9rito perfecto simple.<\/em><\/p>\n\n\n\n<p><strong>\u00bfY sabes qu\u00e9 actividades son las que hemos desarrollado, organizado y\/o acogido?<\/strong> Pues cosas como estas:<\/p>\n\n\n\n<ul><li>Un laboratorio de moda \u00a1para todas las edades!, creando ropa a partir de prendas usadas y haciendo despu\u00e9s una s\u00faper divertida sesi\u00f3n de fotos (\u00a1con la m\u00fasica a tope!).<\/li><\/ul>\n\n\n\n<ul><li>Talleres de rob\u00f3tica para los peques, ense\u00f1\u00e1ndoles a montar los robots y a programarlos.<\/li><\/ul>\n\n\n\n<ul><li>Talleres de cocina molecular, tambi\u00e9n para los j\u00f3venes. No veas qu\u00e9 flipe.<\/li><\/ul>\n\n\n\n<ul><li>Taller de teatro de sombras: inventando historias, recortando los personajes y articul\u00e1ndolos, para despu\u00e9s ofrecer una funci\u00f3n.<\/li><\/ul>\n\n\n\n<ul><li>Nos reunimos con las abuelas y abuelos del pueblo para que nos cuenten su vida (y as\u00ed hacen memoria) y nos canten sus canciones. Y documentamos estos encuentros en v\u00eddeo. Muy emocionantes y divertidos.<\/li><\/ul>\n\n\n\n<ul><li>Organizamos conciertos \u00edntimos con artistas unipersonales.<\/li><\/ul>\n\n\n\n<ul><li>Celebramos el D\u00eda de la Mujer con m\u00fasica, arte y charlas: Mujer en clave CulturaRural.<\/li><\/ul>\n\n\n\n<ul><li>Jornadas de lectura en voz alta de poes\u00eda y de novelas (esto para la tercera edad).<\/li><\/ul>\n\n\n\n<ul><li>Lectura y streaming de los cuentos en que 1936 contaron los ni\u00f1os de Covarrubias a un etn\u00f3grafo estadounidense que pas\u00f3 por aqu\u00ed. <\/li><\/ul>\n\n\n\n<ul><li>Practicamos yoga (todas las edades).<\/li><\/ul>\n\n\n\n<ul><li>Actividades y espect\u00e1culos con los peques.<\/li><\/ul>\n\n\n\n<ul><li>Taller de m\u00e1scaras venecianas para todas las edades.<\/li><\/ul>\n\n\n\n<ul><li>Charlas ilustradas sobre los grandes maestros de la pintura.<\/li><\/ul>\n\n\n\n<ul><li>Recolecci\u00f3n de toponimia e impresi\u00f3n de un mapa gigante: que no se pierdan los nombres de los lugares.<\/li><\/ul>\n\n\n\n<ul><li>Conferencia y proyecci\u00f3n del documental \u00abDe sal y tierra: un ritual funerario\u00bb, de la arque\u00f3loga Carmen Alonso Fern\u00e1ndez.<\/li><\/ul>\n\n\n\n<ul><li>Jornada sobre la lana, el cardado y la elaboraci\u00f3n de boinas con los geniales Mutur Beltz. Vaya nevada cay\u00f3 ese d\u00eda.<\/li><\/ul>\n\n\n\n<ul><li>Cobijamos las \u00abJornadas sobre Arquitectura y Cine: Interferencias\u00bb, dando tambi\u00e9n soporte t\u00e9cnico.<\/li><\/ul>\n\n\n\n<ul><li>Conferencia: \u00abBrujer\u00eda y mal de ojo en la comarca del Arlanza\u00bb, de Jes\u00fas Borro.<\/li><\/ul>\n\n\n\n<ul><li>Talleres cient\u00edficos para los ni\u00f1os.<\/li><\/ul>\n\n\n\n<ul><li>Talleres art\u00edsticos para adultos.<\/li><\/ul>\n\n\n\n<ul><li>Ciclos de cine medioambiental, conferencias y proyecciones de cortos.<\/li><\/ul>\n\n\n\n<ul><li>Residencias art\u00edsticas de danza y demostraci\u00f3n en el Colegio.<\/li><\/ul>\n\n\n\n<ul><li>Talleres de Parkour para los j\u00f3venes.<\/li><\/ul>\n\n\n\n<ul><li>Representaciones teatrales.<\/li><\/ul>\n\n\n\n<ul><li>Clases de baile.<\/li><\/ul>\n\n\n\n<ul><li>Ciclos de cineforum con nuestra s\u00faper pantalla de cinco metros de anchura y sonido espectacular.<\/li><\/ul>\n\n\n\n<ul><li>Proyecci\u00f3n de cine familiar. Tambi\u00e9n en la calle, en verano.<\/li><\/ul>\n\n\n\n<ul><li>Ciclo \u00abLa educaci\u00f3n en la rep\u00fablica\u00bb.<\/li><\/ul>\n\n\n\n<ul><li>Campeonato de Tenis Wii para los j\u00f3venes, proyectado en nuestra s\u00faper pantalla de cinco metros de anchura.<\/li><\/ul>\n\n\n\n<ul><li>Rodaje de un corto sobre el c\u00e1ncer infantil.<\/li><\/ul>\n\n\n\n<ul><li>Concierto proyectado de a\u00f1o nuevo: Novena sinfon\u00eda de Beethoven, subtitulada.<\/li><\/ul>\n\n\n\n<ul><li>Y algunas otras actividades que ahora no recordamos, pero que iremos apuntando. Am\u00e9n de prestar nuestros equipos tecnol\u00f3gicos cuando ha hecho falta en las actividades del pueblo.<\/li><\/ul>\n\n\n\n<p>Y por supuesto:<\/p>\n\n\n\n<ul><li>Presencia en encuentros sobre cultura rural y gesti\u00f3n de espacios culturales, como reconocidos agentes dinamizadores.<\/li><\/ul>\n\n\n\n<p>\u00a1Jop\u00e9! \u00a1La cantidad de cosas que hicimos (y ya no se hacen)!<br>Y es que, lamentablemente hace ya tiempo que no disponemos del espacio municipal en el que era posible planificar y desarrollar esta actividad (valorada por muy pocos vecinos, la verdad). As\u00ed que es mucho m\u00e1s complicado generar una vida cultural enfocada a los ni\u00f1os y adultos que vivimos aqu\u00ed todo el a\u00f1o. Nos sentimos* orgullosos de nuestra labor que, sinceramente, creemos marcaba un elemento diferenciador y de calidad en el mundo rural castellano.<\/p>\n\n\n\n<p><em>*sentimos: en sentido pret\u00e9rito y presente.<\/em><\/p>\n","protected":false},"excerpt":{"rendered":"<p>Somos un peque\u00f1ito colectivo de personas comprometidas con la cultura y el arte. Vivimos en Covarrubias, un peque\u00f1o pueblo de Burgos, y a veces intentamos* hacer m\u00e1s interesante la vida [&hellip;]<\/p>\n","protected":false},"author":1,"featured_media":45,"parent":0,"menu_order":0,"comment_status":"closed","ping_status":"closed","template":"","meta":{"_coblocks_attr":"","_coblocks_dimensions":"","_coblocks_responsive_height":"","_coblocks_accordion_ie_support":""},"_links":{"self":[{"href":"https:\/\/bunkercultural.com\/index.php\/wp-json\/wp\/v2\/pages\/8"}],"collection":[{"href":"https:\/\/bunkercultural.com\/index.php\/wp-json\/wp\/v2\/pages"}],"about":[{"href":"https:\/\/bunkercultural.com\/index.php\/wp-json\/wp\/v2\/types\/page"}],"author":[{"embeddable":true,"href":"https:\/\/bunkercultural.com\/index.php\/wp-json\/wp\/v2\/users\/1"}],"replies":[{"embeddable":true,"href":"https:\/\/bunkercultural.com\/index.php\/wp-json\/wp\/v2\/comments?post=8"}],"version-history":[{"count":24,"href":"https:\/\/bunkercultural.com\/index.php\/wp-json\/wp\/v2\/pages\/8\/revisions"}],"predecessor-version":[{"id":289,"href":"https:\/\/bunkercultural.com\/index.php\/wp-json\/wp\/v2\/pages\/8\/revisions\/289"}],"wp:featuredmedia":[{"embeddable":true,"href":"https:\/\/bunkercultural.com\/index.php\/wp-json\/wp\/v2\/media\/45"}],"wp:attachment":[{"href":"https:\/\/bunkercultural.com\/index.php\/wp-json\/wp\/v2\/media?parent=8"}],"curies":[{"name":"wp","href":"https:\/\/api.w.org\/{rel}","templated":true}]}}